{"id":3,"date":"2023-01-24T21:18:42","date_gmt":"2023-01-24T20:18:42","guid":{"rendered":"http:\/\/gauchenormande.fr\/?page_id=3"},"modified":"2023-02-03T16:08:47","modified_gmt":"2023-02-03T15:08:47","slug":"mentions-legales","status":"publish","type":"page","link":"https:\/\/gauchenormande.fr\/index.php\/mentions-legales\/","title":{"rendered":"Mentions l\u00e9gales"},"content":{"rendered":"<div class=\"fusion-fullwidth fullwidth-box fusion-builder-row-1 fusion-flex-container nonhundred-percent-fullwidth non-hundred-percent-height-scrolling\" style=\"--awb-border-radius-top-left:0px;--awb-border-radius-top-right:0px;--awb-border-radius-bottom-right:0px;--awb-border-radius-bottom-left:0px;\" ><div class=\"fusion-builder-row fusion-row fusion-flex-align-items-flex-start\" style=\"max-width:1248px;margin-left: calc(-4% \/ 2 );margin-right: calc(-4% \/ 2 );\"><div class=\"fusion-layout-column fusion_builder_column fusion-builder-column-0 fusion_builder_column_1_1 1_1 fusion-flex-column\" style=\"--awb-bg-blend:overlay;--awb-bg-size:cover;--awb-width-large:100%;--awb-margin-top-large:51.989599999999996px;--awb-spacing-right-large:1.92%;--awb-margin-bottom-large:31px;--awb-spacing-left-large:1.92%;--awb-width-medium:100%;--awb-spacing-right-medium:1.92%;--awb-spacing-left-medium:1.92%;--awb-width-small:100%;--awb-spacing-right-small:1.92%;--awb-spacing-left-small:1.92%;\"><div class=\"fusion-column-wrapper fusion-flex-justify-content-flex-start fusion-content-layout-column\"><div class=\"fusion-text fusion-text-1\"><\/p>\n<h2 class=\"wp-block-heading\"><span style=\"color: var(--h2_typography-color); font-family: var(--h2_typography-font-family); font-size: var(--h2_typography-font-size); font-style: var(--h2_typography-font-style,normal); font-weight: var(--h2_typography-font-weight); letter-spacing: var(--h2_typography-letter-spacing); text-transform: var(--h2_typography-text-transform); text-align: var(--awb-content-alignment); background-color: var(--awb-bg-color);\">Mentions l\u00e9gales<\/span><\/h2>\n<h3>Qui sommes-nous ?<\/h3>\n<\/p>\n<p>La Gauche Normande &#8211; Socialistes et Apparent\u00e9s<\/p>\n<p>Abbaye-aux-Dames &#8211; Place Reine Mathilde CS 50523 &#8211; 14035 Caen Cedex 1 &#8211; France<\/p>\n<p>Courriel : eliott.boulais-riviere@normandie.fr<\/p>\n<\/p>\n<h3 class=\"wp-block-heading\">Directeur de publication<\/h3>\n<\/p>\n<p>Laurent Beauvais, Pr\u00e9sident du groupe La Gauche Normande &#8211; Socialistes et Apparent\u00e9s au Conseil r\u00e9gional de Normandie.<\/p>\n<\/p>\n<h3 class=\"wp-block-heading\">H\u00e9bergement<\/h3>\n<\/p>\n<p>Le site <b>www.gauchenormande.fr<\/b> est h\u00e9berg\u00e9 par OVH Groupe SA, 2 rue Kellermann &#8211; 59100 Roubaix &#8211; France.<\/p><\/p>\n<\/div><\/div><\/div><\/div><\/div>","protected":false},"excerpt":{"rendered":"","protected":false},"author":1,"featured_media":0,"parent":0,"menu_order":0,"comment_status":"closed","ping_status":"open","template":"100-width.php","meta":{"footnotes":""},"class_list":["post-3","page","type-page","status-publish","hentry"],"yoast_head":"<!-- This site is optimized with the Yoast SEO plugin v20.1 - https:\/\/yoast.com\/wordpress\/plugins\/seo\/ -->\n<title>Mentions l\u00e9gales - La Gauche Normande<\/title>\n<meta name=\"robots\" content=\"index, follow, max-snippet:-1, max-image-preview:large, max-video-preview:-1\" \/>\n<link rel=\"canonical\" href=\"https:\/\/gauchenormande.fr\/index.php\/mentions-legales\/\" \/>\n<meta property=\"og:locale\" content=\"fr_FR\" \/>\n<meta property=\"og:type\" content=\"article\" \/>\n<meta property=\"og:title\" content=\"Mentions l\u00e9gales - La Gauche Normande\" \/>\n<meta property=\"og:url\" content=\"https:\/\/gauchenormande.fr\/index.php\/mentions-legales\/\" \/>\n<meta property=\"og:site_name\" content=\"La Gauche Normande\" \/>\n<meta property=\"article:publisher\" content=\"https:\/\/facebook.com\/gauchenormande\" \/>\n<meta property=\"article:modified_time\" content=\"2023-02-03T15:08:47+00:00\" \/>\n<meta name=\"twitter:card\" content=\"summary_large_image\" \/>\n<meta name=\"twitter:site\" content=\"@gauchenormande\" \/>\n<meta name=\"twitter:label1\" content=\"Dur\u00e9e de lecture estim\u00e9e\" \/>\n\t<meta name=\"twitter:data1\" content=\"1 minute\" \/>\n<script type=\"application\/ld+json\" class=\"yoast-schema-graph\">{\"@context\":\"https:\/\/schema.org\",\"@graph\":[{\"@type\":\"WebPage\",\"@id\":\"https:\/\/gauchenormande.fr\/index.php\/mentions-legales\/\",\"url\":\"https:\/\/gauchenormande.fr\/index.php\/mentions-legales\/\",\"name\":\"Mentions l\u00e9gales - La Gauche Normande\",\"isPartOf\":{\"@id\":\"https:\/\/gauchenormande.fr\/#website\"},\"datePublished\":\"2023-01-24T20:18:42+00:00\",\"dateModified\":\"2023-02-03T15:08:47+00:00\",\"breadcrumb\":{\"@id\":\"https:\/\/gauchenormande.fr\/index.php\/mentions-legales\/#breadcrumb\"},\"inLanguage\":\"fr-FR\",\"potentialAction\":[{\"@type\":\"ReadAction\",\"target\":[\"https:\/\/gauchenormande.fr\/index.php\/mentions-legales\/\"]}]},{\"@type\":\"BreadcrumbList\",\"@id\":\"https:\/\/gauchenormande.fr\/index.php\/mentions-legales\/#breadcrumb\",\"itemListElement\":[{\"@type\":\"ListItem\",\"position\":1,\"name\":\"Accueil\",\"item\":\"https:\/\/gauchenormande.fr\/\"},{\"@type\":\"ListItem\",\"position\":2,\"name\":\"Mentions l\u00e9gales\"}]},{\"@type\":\"WebSite\",\"@id\":\"https:\/\/gauchenormande.fr\/#website\",\"url\":\"https:\/\/gauchenormande.fr\/\",\"name\":\"La Gauche Normande\",\"description\":\"Site des \u00e9lu\u00b7es socialistes et apparent\u00e9s au Conseil r\u00e9gional de Normandie\",\"publisher\":{\"@id\":\"https:\/\/gauchenormande.fr\/#organization\"},\"potentialAction\":[{\"@type\":\"SearchAction\",\"target\":{\"@type\":\"EntryPoint\",\"urlTemplate\":\"https:\/\/gauchenormande.fr\/?s={search_term_string}\"},\"query-input\":\"required name=search_term_string\"}],\"inLanguage\":\"fr-FR\"},{\"@type\":\"Organization\",\"@id\":\"https:\/\/gauchenormande.fr\/#organization\",\"name\":\"La Gauche Normande\",\"url\":\"https:\/\/gauchenormande.fr\/\",\"logo\":{\"@type\":\"ImageObject\",\"inLanguage\":\"fr-FR\",\"@id\":\"https:\/\/gauchenormande.fr\/#\/schema\/logo\/image\/\",\"url\":\"https:\/\/gauchenormande.fr\/wp-content\/uploads\/2023\/02\/Logo-Gauche-Normande-1.png\",\"contentUrl\":\"https:\/\/gauchenormande.fr\/wp-content\/uploads\/2023\/02\/Logo-Gauche-Normande-1.png\",\"width\":2084,\"height\":2084,\"caption\":\"La Gauche Normande\"},\"image\":{\"@id\":\"https:\/\/gauchenormande.fr\/#\/schema\/logo\/image\/\"},\"sameAs\":[\"https:\/\/facebook.com\/gauchenormande\",\"https:\/\/twitter.com\/gauchenormande\"]}]}<\/script>\n<!-- \/ Yoast SEO plugin. -->","yoast_head_json":{"title":"Mentions l\u00e9gales - La Gauche Normande","robots":{"index":"index","follow":"follow","max-snippet":"max-snippet:-1","max-image-preview":"max-image-preview:large","max-video-preview":"max-video-preview:-1"},"canonical":"https:\/\/gauchenormande.fr\/index.php\/mentions-legales\/","og_locale":"fr_FR","og_type":"article","og_title":"Mentions l\u00e9gales - La Gauche Normande","og_url":"https:\/\/gauchenormande.fr\/index.php\/mentions-legales\/","og_site_name":"La Gauche Normande","article_publisher":"https:\/\/facebook.com\/gauchenormande","article_modified_time":"2023-02-03T15:08:47+00:00","twitter_card":"summary_large_image","twitter_site":"@gauchenormande","twitter_misc":{"Dur\u00e9e de lecture estim\u00e9e":"1 minute"},"schema":{"@context":"https:\/\/schema.org","@graph":[{"@type":"WebPage","@id":"https:\/\/gauchenormande.fr\/index.php\/mentions-legales\/","url":"https:\/\/gauchenormande.fr\/index.php\/mentions-legales\/","name":"Mentions l\u00e9gales - La Gauche Normande","isPartOf":{"@id":"https:\/\/gauchenormande.fr\/#website"},"datePublished":"2023-01-24T20:18:42+00:00","dateModified":"2023-02-03T15:08:47+00:00","breadcrumb":{"@id":"https:\/\/gauchenormande.fr\/index.php\/mentions-legales\/#breadcrumb"},"inLanguage":"fr-FR","potentialAction":[{"@type":"ReadAction","target":["https:\/\/gauchenormande.fr\/index.php\/mentions-legales\/"]}]},{"@type":"BreadcrumbList","@id":"https:\/\/gauchenormande.fr\/index.php\/mentions-legales\/#breadcrumb","itemListElement":[{"@type":"ListItem","position":1,"name":"Accueil","item":"https:\/\/gauchenormande.fr\/"},{"@type":"ListItem","position":2,"name":"Mentions l\u00e9gales"}]},{"@type":"WebSite","@id":"https:\/\/gauchenormande.fr\/#website","url":"https:\/\/gauchenormande.fr\/","name":"La Gauche Normande","description":"Site des \u00e9lu\u00b7es socialistes et apparent\u00e9s au Conseil r\u00e9gional de Normandie","publisher":{"@id":"https:\/\/gauchenormande.fr\/#organization"},"potentialAction":[{"@type":"SearchAction","target":{"@type":"EntryPoint","urlTemplate":"https:\/\/gauchenormande.fr\/?s={search_term_string}"},"query-input":"required name=search_term_string"}],"inLanguage":"fr-FR"},{"@type":"Organization","@id":"https:\/\/gauchenormande.fr\/#organization","name":"La Gauche Normande","url":"https:\/\/gauchenormande.fr\/","logo":{"@type":"ImageObject","inLanguage":"fr-FR","@id":"https:\/\/gauchenormande.fr\/#\/schema\/logo\/image\/","url":"https:\/\/gauchenormande.fr\/wp-content\/uploads\/2023\/02\/Logo-Gauche-Normande-1.png","contentUrl":"https:\/\/gauchenormande.fr\/wp-content\/uploads\/2023\/02\/Logo-Gauche-Normande-1.png","width":2084,"height":2084,"caption":"La Gauche Normande"},"image":{"@id":"https:\/\/gauchenormande.fr\/#\/schema\/logo\/image\/"},"sameAs":["https:\/\/facebook.com\/gauchenormande","https:\/\/twitter.com\/gauchenormande"]}]}},"_links":{"self":[{"href":"https:\/\/gauchenormande.fr\/index.php\/wp-json\/wp\/v2\/pages\/3","targetHints":{"allow":["GET"]}}],"collection":[{"href":"https:\/\/gauchenormande.fr\/index.php\/wp-json\/wp\/v2\/pages"}],"about":[{"href":"https:\/\/gauchenormande.fr\/index.php\/wp-json\/wp\/v2\/types\/page"}],"author":[{"embeddable":true,"href":"https:\/\/gauchenormande.fr\/index.php\/wp-json\/wp\/v2\/users\/1"}],"replies":[{"embeddable":true,"href":"https:\/\/gauchenormande.fr\/index.php\/wp-json\/wp\/v2\/comments?post=3"}],"version-history":[{"count":12,"href":"https:\/\/gauchenormande.fr\/index.php\/wp-json\/wp\/v2\/pages\/3\/revisions"}],"predecessor-version":[{"id":2410,"href":"https:\/\/gauchenormande.fr\/index.php\/wp-json\/wp\/v2\/pages\/3\/revisions\/2410"}],"wp:attachment":[{"href":"https:\/\/gauchenormande.fr\/index.php\/wp-json\/wp\/v2\/media?parent=3"}],"curies":[{"name":"wp","href":"https:\/\/api.w.org\/{rel}","templated":true}]}}